{"id":12142,"date":"2025-09-18T13:51:28","date_gmt":"2025-09-18T13:51:28","guid":{"rendered":"https:\/\/ineditinnova.com\/?page_id=12142"},"modified":"2025-09-18T22:13:50","modified_gmt":"2025-09-18T22:13:50","slug":"condicions","status":"publish","type":"page","link":"https:\/\/ineditinnova.com\/en\/condicions\/","title":{"rendered":"General terms and conditions"},"content":{"rendered":"<h3>In\u00e8dit Innovaci\u00f3, S.L., with CIF\/NIF: B65095705 and address in: C\/ Diputaci\u00f3, 37-39, Passatge interior, Local 6B, 08015, Barcelona, cannot assume any responsibility for the incorrect, inappropriate or illegal use of the information appearing on the following website\/s: www.inedit.barcelona<\/h3>\n<h3>In\u00e8dit Innovaci\u00f3, S.L. is a company recorded at the Mercantile Registry of Barcelona, in tome 41248, page B-378557, inscription 1.<\/h3>\n<h3>Within the limits established by law, In\u00e8dit Innovaci\u00f3, S.L. assumes no responsibility for the lack of veracity, integrity, updating and accuracy in data or information contained in their Internet sites.<\/h3>\n<h3>The contents and information do not bind In\u00e8dit Innovaci\u00f3, S.L. and do not imply opinions, advice or any kind of legal assessment, as it is merely a service offered for information. The In\u00e8dit Innovaci\u00f3, S.L. Internet websites, may contain links to other third parties not under control by In\u00e8dit Innovaci\u00f3, S.L. Therefore, In\u00e8dit Innovaci\u00f3, S.L. cannot take responsibility for the content that may appear on these pages.<\/h3>\n<h3>The text, images, sounds, animations, software and other content included in this website are the exclusive property of In\u00e8dit Innovaci\u00f3, S.L. or its licensors. Any transmission, distribution, transfer, reproduction, storage, total or partial public communication must have the express consent by In\u00e8dit Innovaci\u00f3, S.L.<\/h3>\n<h3>Also, access some of the services offered through the website should provide some personal data. In compliance with the provisions of Regulation (EU) 2016\/679 of the European Parliament and of the Council of 27 April 2016 on the protection of natural persons with regard to the processing of personal data and on the free movement of such data, and repealing Directive 95\/46\/EC (General Data Protection Regulation &#8211; GDPR), we inform you can fill in these forms, your personal data will be stored and processed by In\u00e8dit Innovaci\u00f3, S.L. for the offering and providing our services and informing improvements to the website.<\/h3>\n<h3>Also advised you can exercise rights in access, rectification, cancellation, limitation, portability and opposition to your personal data, free via email to: info@ineditinnova.com or in the address: C\/ Diputaci\u00f3, 37-39, Passatge interior, Local 6B, 08015, Barcelona, with your identification.<\/h3>\n","protected":false},"excerpt":{"rendered":"<p>In\u00e8dit Innovaci\u00f3, S.L., with CIF\/NIF: B65095705 and address in: C\/ Diputaci\u00f3, 37-39, Passatge interior, Local 6B, 08015, Barcelona, cannot assume any responsibility for the incorrect, inappropriate or illegal use of the information appearing on the following website\/s: www.inedit.barcelona In\u00e8dit Innovaci\u00f3, S.L. is a company recorded at the Mercantile Registry of Barcelona, in tome 41248, page&#8230;  <a class=\"excerpt-read-more\" href=\"https:\/\/ineditinnova.com\/en\/condicions\/\" title=\"Read General terms and conditions\">Read more &raquo;<\/a><\/p>\n","protected":false},"author":2,"featured_media":0,"parent":0,"menu_order":0,"comment_status":"closed","ping_status":"closed","template":"page-legal.php","meta":{"_acf_changed":false,"footnotes":""},"class_list":["post-12142","page","type-page","status-publish","hentry"],"acf":[],"yoast_head":"<!-- This site is optimized with the Yoast SEO plugin v27.3 - https:\/\/yoast.com\/product\/yoast-seo-wordpress\/ -->\n<title>General terms and conditions - in\u00e8dit<\/title>\n<meta name=\"robots\" content=\"index, follow, max-snippet:-1, max-image-preview:large, max-video-preview:-1\" \/>\n<link rel=\"canonical\" href=\"https:\/\/ineditinnova.com\/condicions\/\" \/>\n<meta property=\"og:locale\" content=\"en_US\" \/>\n<meta property=\"og:type\" content=\"article\" \/>\n<meta property=\"og:title\" content=\"General terms and conditions - in\u00e8dit\" \/>\n<meta property=\"og:description\" content=\"In\u00e8dit Innovaci\u00f3, S.L., with CIF\/NIF: B65095705 and address in: C\/ Diputaci\u00f3, 37-39, Passatge interior, Local 6B, 08015, Barcelona, cannot assume any responsibility for the incorrect, inappropriate or illegal use of the information appearing on the following website\/s: www.inedit.barcelona In\u00e8dit Innovaci\u00f3, S.L. is a company recorded at the Mercantile Registry of Barcelona, in tome 41248, page... Read more &raquo;\" \/>\n<meta property=\"og:url\" content=\"https:\/\/ineditinnova.com\/condicions\/\" \/>\n<meta property=\"og:site_name\" content=\"in\u00e8dit\" \/>\n<meta property=\"article:publisher\" content=\"https:\/\/www.facebook.com\/ineditinnovacio\/?ref=page_internal\" \/>\n<meta property=\"article:modified_time\" content=\"2025-09-18T22:13:50+00:00\" \/>\n<meta name=\"twitter:card\" content=\"summary_large_image\" \/>\n<meta name=\"twitter:site\" content=\"@ineditinnova\" \/>\n<meta name=\"twitter:label1\" content=\"Est. reading time\" \/>\n\t<meta name=\"twitter:data1\" content=\"2 minutes\" \/>\n<script type=\"application\/ld+json\" class=\"yoast-schema-graph\">{\"@context\":\"https:\\\/\\\/schema.org\",\"@graph\":[{\"@type\":\"WebPage\",\"@id\":\"https:\\\/\\\/ineditinnova.com\\\/condicions\\\/\",\"url\":\"https:\\\/\\\/ineditinnova.com\\\/condicions\\\/\",\"name\":\"General terms and conditions - in\u00e8dit\",\"isPartOf\":{\"@id\":\"https:\\\/\\\/ineditinnova.com\\\/en\\\/#website\"},\"datePublished\":\"2025-09-18T13:51:28+00:00\",\"dateModified\":\"2025-09-18T22:13:50+00:00\",\"breadcrumb\":{\"@id\":\"https:\\\/\\\/ineditinnova.com\\\/condicions\\\/#breadcrumb\"},\"inLanguage\":\"en-US\",\"potentialAction\":[{\"@type\":\"ReadAction\",\"target\":[\"https:\\\/\\\/ineditinnova.com\\\/condicions\\\/\"]}]},{\"@type\":\"BreadcrumbList\",\"@id\":\"https:\\\/\\\/ineditinnova.com\\\/condicions\\\/#breadcrumb\",\"itemListElement\":[{\"@type\":\"ListItem\",\"position\":1,\"name\":\"Inici\",\"item\":\"https:\\\/\\\/ineditinnova.com\\\/en\\\/\"},{\"@type\":\"ListItem\",\"position\":2,\"name\":\"General terms and conditions\"}]},{\"@type\":\"WebSite\",\"@id\":\"https:\\\/\\\/ineditinnova.com\\\/en\\\/#website\",\"url\":\"https:\\\/\\\/ineditinnova.com\\\/en\\\/\",\"name\":\"in\u00e8dit\",\"description\":\"We design circular and sustainable solutions for a better future\",\"potentialAction\":[{\"@type\":\"SearchAction\",\"target\":{\"@type\":\"EntryPoint\",\"urlTemplate\":\"https:\\\/\\\/ineditinnova.com\\\/en\\\/?s={search_term_string}\"},\"query-input\":{\"@type\":\"PropertyValueSpecification\",\"valueRequired\":true,\"valueName\":\"search_term_string\"}}],\"inLanguage\":\"en-US\"}]}<\/script>\n<!-- \/ Yoast SEO plugin. -->","yoast_head_json":{"title":"General terms and conditions - in\u00e8dit","robots":{"index":"index","follow":"follow","max-snippet":"max-snippet:-1","max-image-preview":"max-image-preview:large","max-video-preview":"max-video-preview:-1"},"canonical":"https:\/\/ineditinnova.com\/condicions\/","og_locale":"en_US","og_type":"article","og_title":"General terms and conditions - in\u00e8dit","og_description":"In\u00e8dit Innovaci\u00f3, S.L., with CIF\/NIF: B65095705 and address in: C\/ Diputaci\u00f3, 37-39, Passatge interior, Local 6B, 08015, Barcelona, cannot assume any responsibility for the incorrect, inappropriate or illegal use of the information appearing on the following website\/s: www.inedit.barcelona In\u00e8dit Innovaci\u00f3, S.L. is a company recorded at the Mercantile Registry of Barcelona, in tome 41248, page... Read more &raquo;","og_url":"https:\/\/ineditinnova.com\/condicions\/","og_site_name":"in\u00e8dit","article_publisher":"https:\/\/www.facebook.com\/ineditinnovacio\/?ref=page_internal","article_modified_time":"2025-09-18T22:13:50+00:00","twitter_card":"summary_large_image","twitter_site":"@ineditinnova","twitter_misc":{"Est. reading time":"2 minutes"},"schema":{"@context":"https:\/\/schema.org","@graph":[{"@type":"WebPage","@id":"https:\/\/ineditinnova.com\/condicions\/","url":"https:\/\/ineditinnova.com\/condicions\/","name":"General terms and conditions - in\u00e8dit","isPartOf":{"@id":"https:\/\/ineditinnova.com\/en\/#website"},"datePublished":"2025-09-18T13:51:28+00:00","dateModified":"2025-09-18T22:13:50+00:00","breadcrumb":{"@id":"https:\/\/ineditinnova.com\/condicions\/#breadcrumb"},"inLanguage":"en-US","potentialAction":[{"@type":"ReadAction","target":["https:\/\/ineditinnova.com\/condicions\/"]}]},{"@type":"BreadcrumbList","@id":"https:\/\/ineditinnova.com\/condicions\/#breadcrumb","itemListElement":[{"@type":"ListItem","position":1,"name":"Inici","item":"https:\/\/ineditinnova.com\/en\/"},{"@type":"ListItem","position":2,"name":"General terms and conditions"}]},{"@type":"WebSite","@id":"https:\/\/ineditinnova.com\/en\/#website","url":"https:\/\/ineditinnova.com\/en\/","name":"in\u00e8dit","description":"We design circular and sustainable solutions for a better future","potentialAction":[{"@type":"SearchAction","target":{"@type":"EntryPoint","urlTemplate":"https:\/\/ineditinnova.com\/en\/?s={search_term_string}"},"query-input":{"@type":"PropertyValueSpecification","valueRequired":true,"valueName":"search_term_string"}}],"inLanguage":"en-US"}]}},"_links":{"self":[{"href":"https:\/\/ineditinnova.com\/en\/wp-json\/wp\/v2\/pages\/12142","targetHints":{"allow":["GET"]}}],"collection":[{"href":"https:\/\/ineditinnova.com\/en\/wp-json\/wp\/v2\/pages"}],"about":[{"href":"https:\/\/ineditinnova.com\/en\/wp-json\/wp\/v2\/types\/page"}],"author":[{"embeddable":true,"href":"https:\/\/ineditinnova.com\/en\/wp-json\/wp\/v2\/users\/2"}],"replies":[{"embeddable":true,"href":"https:\/\/ineditinnova.com\/en\/wp-json\/wp\/v2\/comments?post=12142"}],"version-history":[{"count":2,"href":"https:\/\/ineditinnova.com\/en\/wp-json\/wp\/v2\/pages\/12142\/revisions"}],"predecessor-version":[{"id":12150,"href":"https:\/\/ineditinnova.com\/en\/wp-json\/wp\/v2\/pages\/12142\/revisions\/12150"}],"wp:attachment":[{"href":"https:\/\/ineditinnova.com\/en\/wp-json\/wp\/v2\/media?parent=12142"}],"curies":[{"name":"wp","href":"https:\/\/api.w.org\/{rel}","templated":true}]}}