{"id":3168,"date":"2022-11-21T13:57:25","date_gmt":"2022-11-21T13:57:25","guid":{"rendered":"https:\/\/ineditinnova.com\/?page_id=3168"},"modified":"2024-11-13T11:25:36","modified_gmt":"2024-11-13T11:25:36","slug":"privacy-policy","status":"publish","type":"page","link":"https:\/\/ineditinnova.com\/en\/privacy-policy\/","title":{"rendered":"Privacy Policy"},"content":{"rendered":"<p><strong>Protection of Personal Data in accordance with the GDPR<\/strong><\/p>\n<p>In\u00e8dit Innovaci\u00f3, S.L., in application of current regulations regarding the protection of personal data, informs you that personal data collected through the forms on the website <a href=\"https:\/\/ineditinnova.com\/es\" target=\"_new\" rel=\"noopener\">https:\/\/ineditinnova.com\/es<\/a> are included in the specific automated files of users of the services of In\u00e8dit Innovaci\u00f3, S.L.<\/p>\n<p>The collection and automated processing of personal data are intended to maintain the commercial relationship and carry out information, training, advisory tasks, and other activities specific to In\u00e8dit Innovaci\u00f3, S.L.<\/p>\n<p>This data will only be transferred to those entities that are necessary solely to fulfill the purpose outlined above.<\/p>\n<p>In\u00e8dit Innovaci\u00f3, S.L. adopts the necessary measures to guarantee the security, integrity, and confidentiality of data in accordance with the provisions of Regulation (EU) 2016\/679 of the European Parliament and Council, of April 27, 2016, concerning the protection of natural persons with regard to the processing of personal data and the free movement of such data, and repealing the former LOPD, the new Organic Law 3\/2018, of December 5, on Data Protection and Guarantee of Digital Rights (LOPDGDD).<\/p>\n<p>The user may, at any time, exercise their rights of access, opposition, rectification, cancellation, limitation, and portability recognized in the aforementioned Regulation (EU). The exercise of these rights can be carried out by the user via email to <a rel=\"noopener\">info@ineditinnova.com<\/a> or at the address: Edifici Eureka, Parc de Recerca UAB, Campus de la UAB, C.P. 08193 &#8211; Bellaterra (Cerdanyola del Vall\u00e8s) (Barcelona).<\/p>\n<p>The user declares that all the data provided by them are true and correct and undertakes to keep them updated, communicating any changes to In\u00e8dit Innovaci\u00f3, S.L.<\/p>\n<p><strong>Purpose of the processing of personal data:<\/strong><\/p>\n<p><strong>What is the purpose of processing your personal data?<\/strong><\/p>\n<p>At In\u00e8dit Innovaci\u00f3, S.L., we process your personal data collected through the website <a href=\"https:\/\/ineditinnova.com\/es\" target=\"_new\" rel=\"noopener\">https:\/\/ineditinnova.com\/es<\/a> for the following purposes:<\/p>\n<ol>\n<li>To provide services according to the specific needs of clients to fulfill the contracts signed by them.<\/li>\n<li>To send commercial information and newsletters about new services offered on the website and in the sector.<\/li>\n<li>To transfer data to third parties with whom contracts have been concluded for this purpose, for commercial, contractual, administrative, marketing, and\/or operational purposes.<\/li>\n<li>To send promotional information electronically.<\/li>\n<li>To provide the information requested by the user through the contact form.<\/li>\n<li>To manage data provided by job applicants through the Curriculum Vitae (CV) or in the form provided in the &#8220;Contact&#8221; section for the purpose of the selection and recruitment process. The user expressly authorizes In\u00e8dit Innovaci\u00f3, S.L. to process their data for the indicated purpose. In\u00e8dit Innovaci\u00f3, S.L. will handle the data and information provided for selection processes with the utmost confidentiality, adopting the necessary technical and organizational measures to prevent loss, misuse, alteration, and\/or unauthorized access.<\/li>\n<\/ol>\n<p><strong>Data Retention:<\/strong> In addition, we inform you that In\u00e8dit Innovaci\u00f3, S.L. may keep your CV for a maximum period of 24 months, after which it will be destroyed.<\/p>\n<p>Please remember that you can object to receiving commercial communications by any means and at any time by sending an email to the address previously indicated.<\/p>\n<p>The fields of these records are mandatory; it is impossible to fulfill the stated purposes if these data are not provided.<\/p>\n<p><strong>For how long are personal data retained?<\/strong><\/p>\n<p>The personal data provided will be kept as long as the commercial relationship is maintained or as long as you do not request its deletion and for the period during which legal liabilities may arise from the services provided.<\/p>\n<p><strong>Legal Basis:<\/strong><\/p>\n<p>The processing of your data is carried out with the following legal bases that legitimize it:<\/p>\n<ol>\n<li>The request for information and\/or the contracting of the services of In\u00e8dit Innovaci\u00f3, S.L., whose terms and conditions will be made available to you in any case, prior to a potential contract.<\/li>\n<li>Free, specific, informed, and unequivocal consent, as we inform you by making this privacy policy available to you, which, after reading, you can accept if you agree by means of a statement or a clear affirmative action, such as marking a checkbox provided for this purpose.<\/li>\n<\/ol>\n<p>If you do not provide your data or do so in an erroneous or incomplete manner, we will not be able to address your request, making it entirely impossible to provide the requested information or carry out the contracting of services.<\/p>\n<p><strong>Recipients:<\/strong><\/p>\n<p>The data will not be communicated to any third party outside of In\u00e8dit Innovaci\u00f3, S.L., except for a legal obligation.<\/p>\n<p><strong>Data Collected by Users of Services<\/strong><\/p>\n<p>In cases where the user includes files with personal data on shared hosting servers, In\u00e8dit Innovaci\u00f3, S.L. is not responsible for the user\u2019s non-compliance with the GDPR.<\/p>\n<p><strong>Intellectual Property Rights <a href=\"https:\/\/ineditinnova.com\/es\" target=\"_new\" rel=\"noopener\">https:\/\/ineditinnova.com\/es<\/a><\/strong><\/p>\n<p>In\u00e8dit Innovaci\u00f3, S.L. holds all copyrights, intellectual property rights, industrial rights, \u201cknow-how,\u201d and any other rights related to the contents of the website <a href=\"https:\/\/ineditinnova.com\/es\" target=\"_new\" rel=\"noopener\">https:\/\/ineditinnova.com\/es<\/a> and the services offered therein, as well as the programs necessary for its implementation and related information.<\/p>\n<p>Reproduction, publication, and\/or non-strictly private use of the total or partial contents of the website <a href=\"https:\/\/ineditinnova.com\/es\" target=\"_new\" rel=\"noopener\">https:\/\/ineditinnova.com\/es<\/a> are not allowed without prior written consent.<\/p>\n<p><strong>Intellectual Property of the Software<\/strong><\/p>\n<p>The user must respect third-party programs made available by In\u00e8dit Innovaci\u00f3, S.L., even if they are free and\/or publicly available.<\/p>\n<p>In\u00e8dit Innovaci\u00f3, S.L. holds the necessary rights to exploit and use the intellectual property of the software.<\/p>\n<p>The user does not acquire any rights or licenses for the contracted service, nor the software necessary to provide the service, nor the technical monitoring information of the service, except for the rights and licenses necessary for the fulfillment of the contracted services and only for the duration thereof.<\/p>\n<p>For any action beyond the fulfillment of the contract, the user will need written authorization from In\u00e8dit Innovaci\u00f3, S.L., and the user is prohibited from accessing, modifying, viewing the configuration, structure, and files of the servers owned by In\u00e8dit Innovaci\u00f3, S.L., assuming civil and criminal liability derived from any incident that may occur in the servers and security systems as a direct consequence of negligent or malicious action on their part.<\/p>\n<p><strong>Intellectual Property of Hosted Content<\/strong><\/p>\n<p>The use of the services provided by In\u00e8dit Innovaci\u00f3, S.L. in a way that is contrary to intellectual property law is prohibited, particularly:<\/p>\n<ol>\n<li>Use that is contrary to Spanish laws or infringes on the rights of third parties.<\/li>\n<li>The publication or transmission of any content that, in the opinion of In\u00e8dit Innovaci\u00f3, S.L., is violent, obscene, abusive, illegal, racist, xenophobic, or defamatory.<\/li>\n<li>Cracks, serial numbers of programs, or any other content that infringes on third-party intellectual property rights.<\/li>\n<li>The collection and\/or use of other users&#8217; personal data without their express consent or in violation of the provisions of Regulation (EU) 2016\/679 of the European Parliament and Council, of April 27, 2016, regarding the protection of natural persons with regard to the processing of personal data and the free movement of such data.<\/li>\n<li>The use of the domain\u2019s mail server and email addresses for sending mass unsolicited emails.<\/li>\n<\/ol>\n<p>The user is fully responsible for the content of their website, the information transmitted and stored, hyperlinks, third-party claims, and legal actions regarding intellectual property, third-party rights, and child protection.<\/p>\n<p>The user is responsible for compliance with applicable laws and regulations and the rules related to the operation of the online service, e-commerce, copyrights, public order maintenance, as well as universal principles of internet use.<\/p>\n<p>The user shall indemnify In\u00e8dit Innovaci\u00f3, S.L. for expenses generated by any charge attributable to the user, including fees and legal defense expenses, even in the event of a non-final judicial decision.<\/p>\n<p><strong>Protection of Hosted Information<\/strong><\/p>\n<p>In\u00e8dit Innovaci\u00f3, S.L. performs backups of the contents hosted on its servers; however, it is not responsible for the loss or accidental deletion of user data. Likewise, it does not guarantee the complete restoration of data deleted by users, as such data may have been deleted and\/or modified since the last backup.<\/p>\n<p>The services offered, except specific backup services, do not include the replacement of the contents kept in the backups made by In\u00e8dit Innovaci\u00f3, S.L., when this loss is attributable to the user; in this case, a fee will be determined according to the complexity and volume of the recovery, always with the user\u2019s prior acceptance.<\/p>\n<p>Data restoration is only included in the service price when the loss of content is due to causes attributable to In\u00e8dit Innovaci\u00f3, S.L.<\/p>\n<p><strong>Commercial Communications<\/strong><\/p>\n<p>In application of the LSSI, In\u00e8dit Innovaci\u00f3, S.L. will not send advertising or promotional communications by email or any other equivalent electronic means of communication that have not been previously requested or expressly authorized by the recipients thereof.<\/p>\n<p>In the case of users with whom there is a prior contractual relationship, In\u00e8dit Innovaci\u00f3, S.L. is authorized to send commercial communications related to products or services of In\u00e8dit Innovaci\u00f3, S.L. that are similar to those initially contracted by the client.<\/p>\n<p>In any case, the user, upon proof of their identity, may request not to receive further commercial information through Customer Service channels.<\/p>\n<p><strong>REV: 20.3009<\/strong><\/p>\n","protected":false},"excerpt":{"rendered":"<p>Protection of Personal Data in accordance with the GDPR In\u00e8dit Innovaci\u00f3, S.L., in application of current regulations regarding the protection of personal data, informs you that personal data collected through the forms on the website https:\/\/ineditinnova.com\/es are included in the specific automated files of users of the services of In\u00e8dit Innovaci\u00f3, S.L. The collection and&#8230;  <a class=\"excerpt-read-more\" href=\"https:\/\/ineditinnova.com\/en\/privacy-policy\/\" title=\"Read Privacy Policy\">Read more &raquo;<\/a><\/p>\n","protected":false},"author":2,"featured_media":0,"parent":0,"menu_order":0,"comment_status":"closed","ping_status":"closed","template":"page-legal.php","meta":{"_acf_changed":false,"footnotes":""},"class_list":["post-3168","page","type-page","status-publish","hentry"],"acf":[],"yoast_head":"<!-- This site is optimized with the Yoast SEO plugin v27.4 - https:\/\/yoast.com\/product\/yoast-seo-wordpress\/ -->\n<title>Privacy Policy - in\u00e8dit<\/title>\n<meta name=\"robots\" content=\"index, follow, max-snippet:-1, max-image-preview:large, max-video-preview:-1\" \/>\n<link rel=\"canonical\" href=\"https:\/\/ineditinnova.com\/en\/privacy-policy\/\" \/>\n<meta property=\"og:locale\" content=\"en_US\" \/>\n<meta property=\"og:type\" content=\"article\" \/>\n<meta property=\"og:title\" content=\"Privacy Policy - in\u00e8dit\" \/>\n<meta property=\"og:description\" content=\"Protection of Personal Data in accordance with the GDPR In\u00e8dit Innovaci\u00f3, S.L., in application of current regulations regarding the protection of personal data, informs you that personal data collected through the forms on the website https:\/\/ineditinnova.com\/es are included in the specific automated files of users of the services of In\u00e8dit Innovaci\u00f3, S.L. The collection and... Read more &raquo;\" \/>\n<meta property=\"og:url\" content=\"https:\/\/ineditinnova.com\/en\/privacy-policy\/\" \/>\n<meta property=\"og:site_name\" content=\"in\u00e8dit\" \/>\n<meta property=\"article:publisher\" content=\"https:\/\/www.facebook.com\/ineditinnovacio\/?ref=page_internal\" \/>\n<meta property=\"article:modified_time\" content=\"2024-11-13T11:25:36+00:00\" \/>\n<meta name=\"twitter:card\" content=\"summary_large_image\" \/>\n<meta name=\"twitter:site\" content=\"@ineditinnova\" \/>\n<meta name=\"twitter:label1\" content=\"Est. reading time\" \/>\n\t<meta name=\"twitter:data1\" content=\"9 minutes\" \/>\n<script type=\"application\/ld+json\" class=\"yoast-schema-graph\">{\"@context\":\"https:\\\/\\\/schema.org\",\"@graph\":[{\"@type\":\"WebPage\",\"@id\":\"https:\\\/\\\/ineditinnova.com\\\/en\\\/privacy-policy\\\/\",\"url\":\"https:\\\/\\\/ineditinnova.com\\\/en\\\/privacy-policy\\\/\",\"name\":\"Privacy Policy - in\u00e8dit\",\"isPartOf\":{\"@id\":\"https:\\\/\\\/ineditinnova.com\\\/en\\\/#website\"},\"datePublished\":\"2022-11-21T13:57:25+00:00\",\"dateModified\":\"2024-11-13T11:25:36+00:00\",\"breadcrumb\":{\"@id\":\"https:\\\/\\\/ineditinnova.com\\\/en\\\/privacy-policy\\\/#breadcrumb\"},\"inLanguage\":\"en-US\",\"potentialAction\":[{\"@type\":\"ReadAction\",\"target\":[\"https:\\\/\\\/ineditinnova.com\\\/en\\\/privacy-policy\\\/\"]}]},{\"@type\":\"BreadcrumbList\",\"@id\":\"https:\\\/\\\/ineditinnova.com\\\/en\\\/privacy-policy\\\/#breadcrumb\",\"itemListElement\":[{\"@type\":\"ListItem\",\"position\":1,\"name\":\"Inici\",\"item\":\"https:\\\/\\\/ineditinnova.com\\\/en\\\/\"},{\"@type\":\"ListItem\",\"position\":2,\"name\":\"Privacy Policy\"}]},{\"@type\":\"WebSite\",\"@id\":\"https:\\\/\\\/ineditinnova.com\\\/en\\\/#website\",\"url\":\"https:\\\/\\\/ineditinnova.com\\\/en\\\/\",\"name\":\"in\u00e8dit\",\"description\":\"We design circular and sustainable solutions for a better future\",\"potentialAction\":[{\"@type\":\"SearchAction\",\"target\":{\"@type\":\"EntryPoint\",\"urlTemplate\":\"https:\\\/\\\/ineditinnova.com\\\/en\\\/?s={search_term_string}\"},\"query-input\":{\"@type\":\"PropertyValueSpecification\",\"valueRequired\":true,\"valueName\":\"search_term_string\"}}],\"inLanguage\":\"en-US\"}]}<\/script>\n<!-- \/ Yoast SEO plugin. -->","yoast_head_json":{"title":"Privacy Policy - in\u00e8dit","robots":{"index":"index","follow":"follow","max-snippet":"max-snippet:-1","max-image-preview":"max-image-preview:large","max-video-preview":"max-video-preview:-1"},"canonical":"https:\/\/ineditinnova.com\/en\/privacy-policy\/","og_locale":"en_US","og_type":"article","og_title":"Privacy Policy - in\u00e8dit","og_description":"Protection of Personal Data in accordance with the GDPR In\u00e8dit Innovaci\u00f3, S.L., in application of current regulations regarding the protection of personal data, informs you that personal data collected through the forms on the website https:\/\/ineditinnova.com\/es are included in the specific automated files of users of the services of In\u00e8dit Innovaci\u00f3, S.L. The collection and... Read more &raquo;","og_url":"https:\/\/ineditinnova.com\/en\/privacy-policy\/","og_site_name":"in\u00e8dit","article_publisher":"https:\/\/www.facebook.com\/ineditinnovacio\/?ref=page_internal","article_modified_time":"2024-11-13T11:25:36+00:00","twitter_card":"summary_large_image","twitter_site":"@ineditinnova","twitter_misc":{"Est. reading time":"9 minutes"},"schema":{"@context":"https:\/\/schema.org","@graph":[{"@type":"WebPage","@id":"https:\/\/ineditinnova.com\/en\/privacy-policy\/","url":"https:\/\/ineditinnova.com\/en\/privacy-policy\/","name":"Privacy Policy - in\u00e8dit","isPartOf":{"@id":"https:\/\/ineditinnova.com\/en\/#website"},"datePublished":"2022-11-21T13:57:25+00:00","dateModified":"2024-11-13T11:25:36+00:00","breadcrumb":{"@id":"https:\/\/ineditinnova.com\/en\/privacy-policy\/#breadcrumb"},"inLanguage":"en-US","potentialAction":[{"@type":"ReadAction","target":["https:\/\/ineditinnova.com\/en\/privacy-policy\/"]}]},{"@type":"BreadcrumbList","@id":"https:\/\/ineditinnova.com\/en\/privacy-policy\/#breadcrumb","itemListElement":[{"@type":"ListItem","position":1,"name":"Inici","item":"https:\/\/ineditinnova.com\/en\/"},{"@type":"ListItem","position":2,"name":"Privacy Policy"}]},{"@type":"WebSite","@id":"https:\/\/ineditinnova.com\/en\/#website","url":"https:\/\/ineditinnova.com\/en\/","name":"in\u00e8dit","description":"We design circular and sustainable solutions for a better future","potentialAction":[{"@type":"SearchAction","target":{"@type":"EntryPoint","urlTemplate":"https:\/\/ineditinnova.com\/en\/?s={search_term_string}"},"query-input":{"@type":"PropertyValueSpecification","valueRequired":true,"valueName":"search_term_string"}}],"inLanguage":"en-US"}]}},"_links":{"self":[{"href":"https:\/\/ineditinnova.com\/en\/wp-json\/wp\/v2\/pages\/3168","targetHints":{"allow":["GET"]}}],"collection":[{"href":"https:\/\/ineditinnova.com\/en\/wp-json\/wp\/v2\/pages"}],"about":[{"href":"https:\/\/ineditinnova.com\/en\/wp-json\/wp\/v2\/types\/page"}],"author":[{"embeddable":true,"href":"https:\/\/ineditinnova.com\/en\/wp-json\/wp\/v2\/users\/2"}],"replies":[{"embeddable":true,"href":"https:\/\/ineditinnova.com\/en\/wp-json\/wp\/v2\/comments?post=3168"}],"version-history":[{"count":4,"href":"https:\/\/ineditinnova.com\/en\/wp-json\/wp\/v2\/pages\/3168\/revisions"}],"predecessor-version":[{"id":10331,"href":"https:\/\/ineditinnova.com\/en\/wp-json\/wp\/v2\/pages\/3168\/revisions\/10331"}],"wp:attachment":[{"href":"https:\/\/ineditinnova.com\/en\/wp-json\/wp\/v2\/media?parent=3168"}],"curies":[{"name":"wp","href":"https:\/\/api.w.org\/{rel}","templated":true}]}}