{"id":3160,"date":"2022-11-21T13:53:34","date_gmt":"2022-11-21T13:53:34","guid":{"rendered":"https:\/\/ineditinnova.com\/?page_id=3160"},"modified":"2022-11-21T13:54:48","modified_gmt":"2022-11-21T13:54:48","slug":"aviso-legal","status":"publish","type":"page","link":"https:\/\/ineditinnova.com\/es\/aviso-legal\/","title":{"rendered":"Aviso legal"},"content":{"rendered":"<h3>In\u00e8dit Innovaci\u00f3, S.L., con NIF n\u00ba: B65095705 y direcci\u00f3n en: C\/ Diputaci\u00f3, 37-39, Pasaje interior, Local 6B, 08015, Barcelona, no puede asumir ninguna responsabilidad derivada del uso incorrecto, inapropiado o il\u00edcito de la informaci\u00f3n aparecida en las p\u00e1ginas web de: www.ineditinnova.com<\/h3>\n<h3>Que In\u00e8dit Innovaci\u00f3, S.L. consta inscrita en el Registro Mercantil de Barcelona, tomo 41248, folio 90, hoja B-378557, inscripci\u00f3n 1.<\/h3>\n<h3>Con los l\u00edmites establecidos en la ley, In\u00e8dit Innovaci\u00f3, S.L. no asume ninguna responsabilidad derivada de la falta de veracidad, integridad, actualizaci\u00f3n y precisi\u00f3n de los datos o informaciones que contienen sus p\u00e1ginas web.<\/h3>\n<h3>Los contenidos e informaci\u00f3n no vinculan a In\u00e8dit Innovaci\u00f3, S.L. ni constituyen opiniones, consejos o asesoramiento legal de ning\u00fan tipo pues se trata meramente de un servicio ofrecido con car\u00e1cter informativo y divulgativo.<\/h3>\n<h3>Las p\u00e1ginas de Internet de In\u00e8dit Innovaci\u00f3, S.L. pueden contener enlaces (links) a otras p\u00e1ginas de terceras partes que In\u00e8dit Innovaci\u00f3, S.L. no puede controlar. Por lo tanto, In\u00e8dit Innovaci\u00f3, S.L. no puede asumir responsabilidades por el contenido que pueda aparecer en p\u00e1ginas de terceros.<\/h3>\n<h3>Los textos, im\u00e1genes, sonidos, animaciones, software y el resto de los contenidos incluidos en este website son propiedad exclusiva de In\u00e8dit Innovaci\u00f3, S.L. o sus licenciantes. Cualquier acto de transmisi\u00f3n, distribuci\u00f3n, cesi\u00f3n, reproducci\u00f3n, almacenamiento o comunicaci\u00f3n p\u00fablica total o parcial, deber\u00e1 contar con el consentimiento expreso de In\u00e8dit Innovaci\u00f3, S.L.<\/h3>\n<h3>Asimismo, para acceder a algunos de los servicios que In\u00e8dit Innovaci\u00f3, S.L. ofrece a trav\u00e9s del sitio web, deber\u00e1 proporcionar algunos datos de car\u00e1cter personal. En cumplimiento de lo establecido en el Reglamento (UE) 2016\/679 del Parlamento Europeo y del Consejo, de 27 de abril de 2016, relativo a la protecci\u00f3n de las personas f\u00edsicas en lo que respecta al tratamiento de datos personales y a la libre circulaci\u00f3n de estos datos le informamos que, mediante la cumplimentaci\u00f3n de los presentes formularios, sus datos personales quedar\u00e1n incorporados y ser\u00e1n tratados en los ficheros de In\u00e8dit Innovaci\u00f3, S.L. con el fin de poderle prestar y ofrecer nuestros servicios as\u00ed como para informarle de las mejoras del sitio web.<\/h3>\n<h3>Le informamos tambi\u00e9n de que tendr\u00e1 la posibilidad en todo momento de ejercer los derechos de acceso, rectificaci\u00f3n, cancelaci\u00f3n, oposici\u00f3n, limitaci\u00f3n y portabilidad de sus datos de car\u00e1cter personal, de manera gratuita mediante email a: info@ineditinnova.com o en la direcci\u00f3n: C\/ Diputaci\u00f3, 37-39, Pasaje interior, Local 6B, 08015, Barcelona.<\/h3>\n","protected":false},"excerpt":{"rendered":"<p>In\u00e8dit Innovaci\u00f3, S.L., con NIF n\u00ba: B65095705 y direcci\u00f3n en: C\/ Diputaci\u00f3, 37-39, Pasaje interior, Local 6B, 08015, Barcelona, no puede asumir ninguna responsabilidad derivada del uso incorrecto, inapropiado o il\u00edcito de la informaci\u00f3n aparecida en las p\u00e1ginas web de: www.ineditinnova.com Que In\u00e8dit Innovaci\u00f3, S.L. consta inscrita en el Registro Mercantil de Barcelona, tomo 41248,&#8230;  <a class=\"excerpt-read-more\" href=\"https:\/\/ineditinnova.com\/es\/aviso-legal\/\" title=\"Read Aviso legal\">Read more &raquo;<\/a><\/p>\n","protected":false},"author":2,"featured_media":0,"parent":0,"menu_order":0,"comment_status":"closed","ping_status":"closed","template":"page-legal.php","meta":{"_acf_changed":false,"footnotes":""},"class_list":["post-3160","page","type-page","status-publish","hentry"],"acf":[],"yoast_head":"<!-- This site is optimized with the Yoast SEO plugin v27.4 - https:\/\/yoast.com\/product\/yoast-seo-wordpress\/ -->\n<title>Aviso legal - in\u00e8dit<\/title>\n<meta name=\"robots\" content=\"index, follow, max-snippet:-1, max-image-preview:large, max-video-preview:-1\" \/>\n<link rel=\"canonical\" href=\"https:\/\/ineditinnova.com\/es\/aviso-legal\/\" \/>\n<meta property=\"og:locale\" content=\"es_ES\" \/>\n<meta property=\"og:type\" content=\"article\" \/>\n<meta property=\"og:title\" content=\"Aviso legal - in\u00e8dit\" \/>\n<meta property=\"og:description\" content=\"In\u00e8dit Innovaci\u00f3, S.L., con NIF n\u00ba: B65095705 y direcci\u00f3n en: C\/ Diputaci\u00f3, 37-39, Pasaje interior, Local 6B, 08015, Barcelona, no puede asumir ninguna responsabilidad derivada del uso incorrecto, inapropiado o il\u00edcito de la informaci\u00f3n aparecida en las p\u00e1ginas web de: www.ineditinnova.com Que In\u00e8dit Innovaci\u00f3, S.L. consta inscrita en el Registro Mercantil de Barcelona, tomo 41248,... Read more &raquo;\" \/>\n<meta property=\"og:url\" content=\"https:\/\/ineditinnova.com\/es\/aviso-legal\/\" \/>\n<meta property=\"og:site_name\" content=\"in\u00e8dit\" \/>\n<meta property=\"article:publisher\" content=\"https:\/\/www.facebook.com\/ineditinnovacio\/?ref=page_internal\" \/>\n<meta property=\"article:modified_time\" content=\"2022-11-21T13:54:48+00:00\" \/>\n<meta name=\"twitter:card\" content=\"summary_large_image\" \/>\n<meta name=\"twitter:site\" content=\"@ineditinnova\" \/>\n<meta name=\"twitter:label1\" content=\"Tiempo de lectura\" \/>\n\t<meta name=\"twitter:data1\" content=\"2 minutos\" \/>\n<script type=\"application\/ld+json\" class=\"yoast-schema-graph\">{\"@context\":\"https:\\\/\\\/schema.org\",\"@graph\":[{\"@type\":\"WebPage\",\"@id\":\"https:\\\/\\\/ineditinnova.com\\\/es\\\/aviso-legal\\\/\",\"url\":\"https:\\\/\\\/ineditinnova.com\\\/es\\\/aviso-legal\\\/\",\"name\":\"Aviso legal - in\u00e8dit\",\"isPartOf\":{\"@id\":\"https:\\\/\\\/ineditinnova.com\\\/en\\\/#website\"},\"datePublished\":\"2022-11-21T13:53:34+00:00\",\"dateModified\":\"2022-11-21T13:54:48+00:00\",\"breadcrumb\":{\"@id\":\"https:\\\/\\\/ineditinnova.com\\\/es\\\/aviso-legal\\\/#breadcrumb\"},\"inLanguage\":\"es\",\"potentialAction\":[{\"@type\":\"ReadAction\",\"target\":[\"https:\\\/\\\/ineditinnova.com\\\/es\\\/aviso-legal\\\/\"]}]},{\"@type\":\"BreadcrumbList\",\"@id\":\"https:\\\/\\\/ineditinnova.com\\\/es\\\/aviso-legal\\\/#breadcrumb\",\"itemListElement\":[{\"@type\":\"ListItem\",\"position\":1,\"name\":\"Inici\",\"item\":\"https:\\\/\\\/ineditinnova.com\\\/es\\\/\"},{\"@type\":\"ListItem\",\"position\":2,\"name\":\"Aviso legal\"}]},{\"@type\":\"WebSite\",\"@id\":\"https:\\\/\\\/ineditinnova.com\\\/en\\\/#website\",\"url\":\"https:\\\/\\\/ineditinnova.com\\\/en\\\/\",\"name\":\"in\u00e8dit\",\"description\":\"Dise\u00f1amos soluciones circulares y sostenibles para un futuro mejor\",\"potentialAction\":[{\"@type\":\"SearchAction\",\"target\":{\"@type\":\"EntryPoint\",\"urlTemplate\":\"https:\\\/\\\/ineditinnova.com\\\/en\\\/?s={search_term_string}\"},\"query-input\":{\"@type\":\"PropertyValueSpecification\",\"valueRequired\":true,\"valueName\":\"search_term_string\"}}],\"inLanguage\":\"es\"}]}<\/script>\n<!-- \/ Yoast SEO plugin. -->","yoast_head_json":{"title":"Aviso legal - in\u00e8dit","robots":{"index":"index","follow":"follow","max-snippet":"max-snippet:-1","max-image-preview":"max-image-preview:large","max-video-preview":"max-video-preview:-1"},"canonical":"https:\/\/ineditinnova.com\/es\/aviso-legal\/","og_locale":"es_ES","og_type":"article","og_title":"Aviso legal - in\u00e8dit","og_description":"In\u00e8dit Innovaci\u00f3, S.L., con NIF n\u00ba: B65095705 y direcci\u00f3n en: C\/ Diputaci\u00f3, 37-39, Pasaje interior, Local 6B, 08015, Barcelona, no puede asumir ninguna responsabilidad derivada del uso incorrecto, inapropiado o il\u00edcito de la informaci\u00f3n aparecida en las p\u00e1ginas web de: www.ineditinnova.com Que In\u00e8dit Innovaci\u00f3, S.L. consta inscrita en el Registro Mercantil de Barcelona, tomo 41248,... Read more &raquo;","og_url":"https:\/\/ineditinnova.com\/es\/aviso-legal\/","og_site_name":"in\u00e8dit","article_publisher":"https:\/\/www.facebook.com\/ineditinnovacio\/?ref=page_internal","article_modified_time":"2022-11-21T13:54:48+00:00","twitter_card":"summary_large_image","twitter_site":"@ineditinnova","twitter_misc":{"Tiempo de lectura":"2 minutos"},"schema":{"@context":"https:\/\/schema.org","@graph":[{"@type":"WebPage","@id":"https:\/\/ineditinnova.com\/es\/aviso-legal\/","url":"https:\/\/ineditinnova.com\/es\/aviso-legal\/","name":"Aviso legal - in\u00e8dit","isPartOf":{"@id":"https:\/\/ineditinnova.com\/en\/#website"},"datePublished":"2022-11-21T13:53:34+00:00","dateModified":"2022-11-21T13:54:48+00:00","breadcrumb":{"@id":"https:\/\/ineditinnova.com\/es\/aviso-legal\/#breadcrumb"},"inLanguage":"es","potentialAction":[{"@type":"ReadAction","target":["https:\/\/ineditinnova.com\/es\/aviso-legal\/"]}]},{"@type":"BreadcrumbList","@id":"https:\/\/ineditinnova.com\/es\/aviso-legal\/#breadcrumb","itemListElement":[{"@type":"ListItem","position":1,"name":"Inici","item":"https:\/\/ineditinnova.com\/es\/"},{"@type":"ListItem","position":2,"name":"Aviso legal"}]},{"@type":"WebSite","@id":"https:\/\/ineditinnova.com\/en\/#website","url":"https:\/\/ineditinnova.com\/en\/","name":"in\u00e8dit","description":"Dise\u00f1amos soluciones circulares y sostenibles para un futuro mejor","potentialAction":[{"@type":"SearchAction","target":{"@type":"EntryPoint","urlTemplate":"https:\/\/ineditinnova.com\/en\/?s={search_term_string}"},"query-input":{"@type":"PropertyValueSpecification","valueRequired":true,"valueName":"search_term_string"}}],"inLanguage":"es"}]}},"_links":{"self":[{"href":"https:\/\/ineditinnova.com\/es\/wp-json\/wp\/v2\/pages\/3160","targetHints":{"allow":["GET"]}}],"collection":[{"href":"https:\/\/ineditinnova.com\/es\/wp-json\/wp\/v2\/pages"}],"about":[{"href":"https:\/\/ineditinnova.com\/es\/wp-json\/wp\/v2\/types\/page"}],"author":[{"embeddable":true,"href":"https:\/\/ineditinnova.com\/es\/wp-json\/wp\/v2\/users\/2"}],"replies":[{"embeddable":true,"href":"https:\/\/ineditinnova.com\/es\/wp-json\/wp\/v2\/comments?post=3160"}],"version-history":[{"count":1,"href":"https:\/\/ineditinnova.com\/es\/wp-json\/wp\/v2\/pages\/3160\/revisions"}],"predecessor-version":[{"id":3161,"href":"https:\/\/ineditinnova.com\/es\/wp-json\/wp\/v2\/pages\/3160\/revisions\/3161"}],"wp:attachment":[{"href":"https:\/\/ineditinnova.com\/es\/wp-json\/wp\/v2\/media?parent=3160"}],"curies":[{"name":"wp","href":"https:\/\/api.w.org\/{rel}","templated":true}]}}