{"id":4405,"date":"2023-02-06T11:54:07","date_gmt":"2023-02-06T11:54:07","guid":{"rendered":"https:\/\/ineditinnova.com\/?page_id=4405"},"modified":"2023-02-06T12:11:32","modified_gmt":"2023-02-06T12:11:32","slug":"politica-integrada","status":"publish","type":"page","link":"https:\/\/ineditinnova.com\/es\/politica-integrada\/","title":{"rendered":"Pol\u00edtica integrada"},"content":{"rendered":"<h3>Somos un estudio de ecoinnovaci\u00f3n estrat\u00e9gica que inspira, empodera y capacita a las organizaciones para afrontar los retos y alcanzar las oportunidades que plantea la sostenibilidad. in\u00e8dit (Barcelona, 2009) naci\u00f3 por iniciativa de un grupo de investigadores-emprendedores del ICTA-UAB convencidos de que la ecoinnovaci\u00f3n era un valor diferencial que pod\u00edan trasladar a las empresas, fuera cual fuera el tipo de organizaci\u00f3n, tama\u00f1o o sector de actividad.<\/h3>\n<h3>Los principios que definen la pol\u00edtica integrada corporativa de in\u00e8dit y dan coherencia, autenticidad y originalidad a su oferta son:<\/h3>\n<ul>\n<li>\n<h3>La visi\u00f3n y la misi\u00f3n, que definen respectivamente las aspiraciones (el qu\u00e9) y la raz\u00f3n de ser (el porqu\u00e9).<\/h3>\n<\/li>\n<li>\n<h3>Y sus valores y compromisos estrat\u00e9gicos (el c\u00f3mo).<\/h3>\n<\/li>\n<\/ul>\n<h3>La oferta de in\u00e8dit se formaliza y traslada en forma de propuesta de valor y operativa, es decir, la expresi\u00f3n concreta del conjunto de beneficios que recibir\u00e1n los clientes y c\u00f3mo se vehiculan internamente.<\/h3>\n<h3><strong>Visi\u00f3n y misi\u00f3n<br \/>\n<\/strong><\/h3>\n<h3>En in\u00e8dit estamos comprometidos para aportar nuevas respuestas y facilitar el cambio por un ma\u00f1ana mejor. Queremos ser los aliados de las organizaciones que apuestan por la ecoinnovaci\u00f3n en la transici\u00f3n hacia un futuro inteligente, pr\u00f3spero y sostenible.<\/h3>\n<h3><strong>Valores y compromisos estrat\u00e9gicos<\/strong><\/h3>\n<ul>\n<li>\n<h3>El compromiso por la sostenibilidad, tanto por vocaci\u00f3n personal como por convencimiento del beneficio empresarial.<\/h3>\n<\/li>\n<li>\n<h3>La atenci\u00f3n personalizada, desarrollando tanto proyectos <em>ad hoc<\/em> como transfiriendo y adaptando el conocimiento a la realidad de las empresas.<\/h3>\n<\/li>\n<li>\n<h3>La creaci\u00f3n de nuevos perfiles profesionales para dar respuesta a los retos y oportunidades que afronta nuestra empresa.<\/h3>\n<\/li>\n<li>\n<h3>La multidisciplinariedad, formando un equipo profesional capaz de dar respuesta a las necesidades y expectativas, tanto presentes como futuras, de nuestros clientes.<\/h3>\n<\/li>\n<li>\n<h3>La calidad y la sostenibilidad como binomio inseparable: mejora continua para responder a las expectativas de nuestros clientes.<\/h3>\n<\/li>\n<\/ul>\n<h3><strong>Propuesta de valor y operativa<\/strong><\/h3>\n<h3>in\u00e8dit combina creatividad y t\u00e9cnica, para ofrecer soluciones originales y \u00f3ptimas, como viables, deseables y sostenibles Ofrecemos servicios que aumentan la competitividad, mejorando la eficiencia y\/o la oferta de las empresas, y potencian el liderazgo en sostenibilidad, evolucionando la propuesta de valor de las empresas para anticiparse al futuro.<\/h3>\n<h3>Para ello, in\u00e8dit desarrolla los siguientes valores operativos:<\/h3>\n<ul>\n<li>\n<h3>Orientaci\u00f3n al cliente para satisfacer sus necesidades y expectativas.<\/h3>\n<\/li>\n<li>\n<h3>Un ambiente de trabajo que estimule la iniciativa, innovaci\u00f3n y creatividad, y promocione el desarrollo profesional y personal de todo el equipo.<\/h3>\n<\/li>\n<li>\n<h3>Reconocimiento de los \u00e9xitos, tantos individuales como del equipo.<\/h3>\n<\/li>\n<li>\n<h3>Toma de decisiones delegada al nivel m\u00e1s bajo competente.<\/h3>\n<\/li>\n<li>\n<h3>Compromiso de prevenci\u00f3n, con perspectiva de ciclo de vida.<\/h3>\n<\/li>\n<\/ul>\n<h3>Para lograrlo, in\u00e8dit fija los indicadores correspondientes a cada uno de los par\u00e1metros medibles, asignando valores que constituir\u00e1n nuestros objetivos de la calidad y medio ambiente para el periodo fijado; estos objetivos acompa\u00f1ar\u00e1n a la presente declaraci\u00f3n y ser\u00e1n revisados conjuntamente en periodos prefijados.<\/h3>\n","protected":false},"excerpt":{"rendered":"<p>Somos un estudio de ecoinnovaci\u00f3n estrat\u00e9gica que inspira, empodera y capacita a las organizaciones para afrontar los retos y alcanzar las oportunidades que plantea la sostenibilidad. in\u00e8dit (Barcelona, 2009) naci\u00f3 por iniciativa de un grupo de investigadores-emprendedores del ICTA-UAB convencidos de que la ecoinnovaci\u00f3n era un valor diferencial que pod\u00edan trasladar a las empresas, fuera&#8230;  <a class=\"excerpt-read-more\" href=\"https:\/\/ineditinnova.com\/es\/politica-integrada\/\" title=\"Read Pol\u00edtica integrada\">Read more &raquo;<\/a><\/p>\n","protected":false},"author":2,"featured_media":0,"parent":0,"menu_order":0,"comment_status":"closed","ping_status":"closed","template":"page-legal.php","meta":{"_acf_changed":false,"footnotes":""},"class_list":["post-4405","page","type-page","status-publish","hentry"],"acf":[],"yoast_head":"<!-- This site is optimized with the Yoast SEO plugin v27.3 - https:\/\/yoast.com\/product\/yoast-seo-wordpress\/ -->\n<title>Pol\u00edtica integrada - in\u00e8dit<\/title>\n<meta name=\"robots\" content=\"index, follow, max-snippet:-1, max-image-preview:large, max-video-preview:-1\" \/>\n<link rel=\"canonical\" href=\"https:\/\/ineditinnova.com\/es\/politica-integrada\/\" \/>\n<meta property=\"og:locale\" content=\"es_ES\" \/>\n<meta property=\"og:type\" content=\"article\" \/>\n<meta property=\"og:title\" content=\"Pol\u00edtica integrada - in\u00e8dit\" \/>\n<meta property=\"og:description\" content=\"Somos un estudio de ecoinnovaci\u00f3n estrat\u00e9gica que inspira, empodera y capacita a las organizaciones para afrontar los retos y alcanzar las oportunidades que plantea la sostenibilidad. in\u00e8dit (Barcelona, 2009) naci\u00f3 por iniciativa de un grupo de investigadores-emprendedores del ICTA-UAB convencidos de que la ecoinnovaci\u00f3n era un valor diferencial que pod\u00edan trasladar a las empresas, fuera... Read more &raquo;\" \/>\n<meta property=\"og:url\" content=\"https:\/\/ineditinnova.com\/es\/politica-integrada\/\" \/>\n<meta property=\"og:site_name\" content=\"in\u00e8dit\" \/>\n<meta property=\"article:publisher\" content=\"https:\/\/www.facebook.com\/ineditinnovacio\/?ref=page_internal\" \/>\n<meta property=\"article:modified_time\" content=\"2023-02-06T12:11:32+00:00\" \/>\n<meta name=\"twitter:card\" content=\"summary_large_image\" \/>\n<meta name=\"twitter:site\" content=\"@ineditinnova\" \/>\n<meta name=\"twitter:label1\" content=\"Tiempo de lectura\" \/>\n\t<meta name=\"twitter:data1\" content=\"2 minutos\" \/>\n<script type=\"application\/ld+json\" class=\"yoast-schema-graph\">{\"@context\":\"https:\\\/\\\/schema.org\",\"@graph\":[{\"@type\":\"WebPage\",\"@id\":\"https:\\\/\\\/ineditinnova.com\\\/es\\\/politica-integrada\\\/\",\"url\":\"https:\\\/\\\/ineditinnova.com\\\/es\\\/politica-integrada\\\/\",\"name\":\"Pol\u00edtica integrada - in\u00e8dit\",\"isPartOf\":{\"@id\":\"https:\\\/\\\/ineditinnova.com\\\/en\\\/#website\"},\"datePublished\":\"2023-02-06T11:54:07+00:00\",\"dateModified\":\"2023-02-06T12:11:32+00:00\",\"breadcrumb\":{\"@id\":\"https:\\\/\\\/ineditinnova.com\\\/es\\\/politica-integrada\\\/#breadcrumb\"},\"inLanguage\":\"es\",\"potentialAction\":[{\"@type\":\"ReadAction\",\"target\":[\"https:\\\/\\\/ineditinnova.com\\\/es\\\/politica-integrada\\\/\"]}]},{\"@type\":\"BreadcrumbList\",\"@id\":\"https:\\\/\\\/ineditinnova.com\\\/es\\\/politica-integrada\\\/#breadcrumb\",\"itemListElement\":[{\"@type\":\"ListItem\",\"position\":1,\"name\":\"Inici\",\"item\":\"https:\\\/\\\/ineditinnova.com\\\/es\\\/\"},{\"@type\":\"ListItem\",\"position\":2,\"name\":\"Pol\u00edtica integrada\"}]},{\"@type\":\"WebSite\",\"@id\":\"https:\\\/\\\/ineditinnova.com\\\/en\\\/#website\",\"url\":\"https:\\\/\\\/ineditinnova.com\\\/en\\\/\",\"name\":\"in\u00e8dit\",\"description\":\"Dise\u00f1amos soluciones circulares y sostenibles para un futuro mejor\",\"potentialAction\":[{\"@type\":\"SearchAction\",\"target\":{\"@type\":\"EntryPoint\",\"urlTemplate\":\"https:\\\/\\\/ineditinnova.com\\\/en\\\/?s={search_term_string}\"},\"query-input\":{\"@type\":\"PropertyValueSpecification\",\"valueRequired\":true,\"valueName\":\"search_term_string\"}}],\"inLanguage\":\"es\"}]}<\/script>\n<!-- \/ Yoast SEO plugin. -->","yoast_head_json":{"title":"Pol\u00edtica integrada - in\u00e8dit","robots":{"index":"index","follow":"follow","max-snippet":"max-snippet:-1","max-image-preview":"max-image-preview:large","max-video-preview":"max-video-preview:-1"},"canonical":"https:\/\/ineditinnova.com\/es\/politica-integrada\/","og_locale":"es_ES","og_type":"article","og_title":"Pol\u00edtica integrada - in\u00e8dit","og_description":"Somos un estudio de ecoinnovaci\u00f3n estrat\u00e9gica que inspira, empodera y capacita a las organizaciones para afrontar los retos y alcanzar las oportunidades que plantea la sostenibilidad. in\u00e8dit (Barcelona, 2009) naci\u00f3 por iniciativa de un grupo de investigadores-emprendedores del ICTA-UAB convencidos de que la ecoinnovaci\u00f3n era un valor diferencial que pod\u00edan trasladar a las empresas, fuera... Read more &raquo;","og_url":"https:\/\/ineditinnova.com\/es\/politica-integrada\/","og_site_name":"in\u00e8dit","article_publisher":"https:\/\/www.facebook.com\/ineditinnovacio\/?ref=page_internal","article_modified_time":"2023-02-06T12:11:32+00:00","twitter_card":"summary_large_image","twitter_site":"@ineditinnova","twitter_misc":{"Tiempo de lectura":"2 minutos"},"schema":{"@context":"https:\/\/schema.org","@graph":[{"@type":"WebPage","@id":"https:\/\/ineditinnova.com\/es\/politica-integrada\/","url":"https:\/\/ineditinnova.com\/es\/politica-integrada\/","name":"Pol\u00edtica integrada - in\u00e8dit","isPartOf":{"@id":"https:\/\/ineditinnova.com\/en\/#website"},"datePublished":"2023-02-06T11:54:07+00:00","dateModified":"2023-02-06T12:11:32+00:00","breadcrumb":{"@id":"https:\/\/ineditinnova.com\/es\/politica-integrada\/#breadcrumb"},"inLanguage":"es","potentialAction":[{"@type":"ReadAction","target":["https:\/\/ineditinnova.com\/es\/politica-integrada\/"]}]},{"@type":"BreadcrumbList","@id":"https:\/\/ineditinnova.com\/es\/politica-integrada\/#breadcrumb","itemListElement":[{"@type":"ListItem","position":1,"name":"Inici","item":"https:\/\/ineditinnova.com\/es\/"},{"@type":"ListItem","position":2,"name":"Pol\u00edtica integrada"}]},{"@type":"WebSite","@id":"https:\/\/ineditinnova.com\/en\/#website","url":"https:\/\/ineditinnova.com\/en\/","name":"in\u00e8dit","description":"Dise\u00f1amos soluciones circulares y sostenibles para un futuro mejor","potentialAction":[{"@type":"SearchAction","target":{"@type":"EntryPoint","urlTemplate":"https:\/\/ineditinnova.com\/en\/?s={search_term_string}"},"query-input":{"@type":"PropertyValueSpecification","valueRequired":true,"valueName":"search_term_string"}}],"inLanguage":"es"}]}},"_links":{"self":[{"href":"https:\/\/ineditinnova.com\/es\/wp-json\/wp\/v2\/pages\/4405","targetHints":{"allow":["GET"]}}],"collection":[{"href":"https:\/\/ineditinnova.com\/es\/wp-json\/wp\/v2\/pages"}],"about":[{"href":"https:\/\/ineditinnova.com\/es\/wp-json\/wp\/v2\/types\/page"}],"author":[{"embeddable":true,"href":"https:\/\/ineditinnova.com\/es\/wp-json\/wp\/v2\/users\/2"}],"replies":[{"embeddable":true,"href":"https:\/\/ineditinnova.com\/es\/wp-json\/wp\/v2\/comments?post=4405"}],"version-history":[{"count":1,"href":"https:\/\/ineditinnova.com\/es\/wp-json\/wp\/v2\/pages\/4405\/revisions"}],"predecessor-version":[{"id":4410,"href":"https:\/\/ineditinnova.com\/es\/wp-json\/wp\/v2\/pages\/4405\/revisions\/4410"}],"wp:attachment":[{"href":"https:\/\/ineditinnova.com\/es\/wp-json\/wp\/v2\/media?parent=4405"}],"curies":[{"name":"wp","href":"https:\/\/api.w.org\/{rel}","templated":true}]}}